{"id":22,"date":"2020-01-05T15:38:01","date_gmt":"2020-01-05T14:38:01","guid":{"rendered":"http:\/\/ecole-stjoseph-staubin.com\/?page_id=22"},"modified":"2024-07-31T17:07:17","modified_gmt":"2024-07-31T15:07:17","slug":"presentation","status":"publish","type":"page","link":"https:\/\/ecole-stjoseph-staubin.com\/index.php\/presentation\/","title":{"rendered":"Pr\u00e9sentation"},"content":{"rendered":"\t\t<div data-elementor-type=\"wp-page\" data-elementor-id=\"22\" class=\"elementor elementor-22\">\n\t\t\t\t\t\t<section class=\"elementor-section elementor-top-section elementor-element elementor-element-2f163e3 elementor-section-boxed elementor-section-height-default elementor-section-height-default\" data-id=\"2f163e3\" data-element_type=\"section\">\n\t\t\t\t\t\t<div class=\"elementor-container elementor-column-gap-default\">\n\t\t\t\t\t<div class=\"elementor-column elementor-col-100 elementor-top-column elementor-element elementor-element-e81f488\" data-id=\"e81f488\" data-element_type=\"column\">\n\t\t\t<div class=\"elementor-widget-wrap elementor-element-populated\">\n\t\t\t\t\t\t\t<\/div>\n\t\t<\/div>\n\t\t\t\t\t<\/div>\n\t\t<\/section>\n\t\t\t\t<section class=\"elementor-section elementor-top-section elementor-element elementor-element-79ee6b5 elementor-section-boxed elementor-section-height-default elementor-section-height-default\" data-id=\"79ee6b5\" data-element_type=\"section\">\n\t\t\t\t\t\t<div class=\"elementor-container elementor-column-gap-default\">\n\t\t\t\t\t<div class=\"elementor-column elementor-col-100 elementor-top-column elementor-element elementor-element-cf831bc\" data-id=\"cf831bc\" data-element_type=\"column\">\n\t\t\t<div class=\"elementor-widget-wrap elementor-element-populated\">\n\t\t\t\t\t\t<div class=\"elementor-element elementor-element-fef8179 elementor-widget elementor-widget-spacer\" data-id=\"fef8179\" data-element_type=\"widget\" data-widget_type=\"spacer.default\">\n\t\t\t\t<div class=\"elementor-widget-container\">\n\t\t\t\t\t\t\t<div class=\"elementor-spacer\">\n\t\t\t<div class=\"elementor-spacer-inner\"><\/div>\n\t\t<\/div>\n\t\t\t\t\t\t<\/div>\n\t\t\t\t<\/div>\n\t\t\t\t\t<\/div>\n\t\t<\/div>\n\t\t\t\t\t<\/div>\n\t\t<\/section>\n\t\t\t\t<section class=\"elementor-section elementor-top-section elementor-element elementor-element-538b2e8 elementor-section-boxed elementor-section-height-default elementor-section-height-default\" data-id=\"538b2e8\" data-element_type=\"section\">\n\t\t\t\t\t\t<div class=\"elementor-container elementor-column-gap-default\">\n\t\t\t\t\t<div class=\"elementor-column elementor-col-100 elementor-top-column elementor-element elementor-element-13d66a3\" data-id=\"13d66a3\" data-element_type=\"column\">\n\t\t\t<div class=\"elementor-widget-wrap elementor-element-populated\">\n\t\t\t\t\t\t<div class=\"elementor-element elementor-element-7fe4c23 elementor-widget elementor-widget-heading\" data-id=\"7fe4c23\" data-element_type=\"widget\" data-widget_type=\"heading.default\">\n\t\t\t\t<div class=\"elementor-widget-container\">\n\t\t\t\t\t<h2 class=\"elementor-heading-title elementor-size-default\">        Ecole Saint joseph - saint aubin de luigne<\/h2>\t\t\t\t<\/div>\n\t\t\t\t<\/div>\n\t\t\t\t\t<\/div>\n\t\t<\/div>\n\t\t\t\t\t<\/div>\n\t\t<\/section>\n\t\t\t\t<section class=\"elementor-section elementor-top-section elementor-element elementor-element-4e2a126 elementor-section-boxed elementor-section-height-default elementor-section-height-default\" data-id=\"4e2a126\" data-element_type=\"section\">\n\t\t\t\t\t\t<div class=\"elementor-container elementor-column-gap-default\">\n\t\t\t\t\t<div class=\"elementor-column elementor-col-100 elementor-top-column elementor-element elementor-element-19e8b62\" data-id=\"19e8b62\" data-element_type=\"column\">\n\t\t\t<div class=\"elementor-widget-wrap elementor-element-populated\">\n\t\t\t\t\t\t<div class=\"elementor-element elementor-element-a2941aa elementor-widget elementor-widget-spacer\" data-id=\"a2941aa\" data-element_type=\"widget\" data-widget_type=\"spacer.default\">\n\t\t\t\t<div class=\"elementor-widget-container\">\n\t\t\t\t\t\t\t<div class=\"elementor-spacer\">\n\t\t\t<div class=\"elementor-spacer-inner\"><\/div>\n\t\t<\/div>\n\t\t\t\t\t\t<\/div>\n\t\t\t\t<\/div>\n\t\t\t\t\t<\/div>\n\t\t<\/div>\n\t\t\t\t\t<\/div>\n\t\t<\/section>\n\t\t\t\t<section class=\"elementor-section elementor-top-section elementor-element elementor-element-86c0f38 elementor-section-boxed elementor-section-height-default elementor-section-height-default\" data-id=\"86c0f38\" data-element_type=\"section\">\n\t\t\t\t\t\t<div class=\"elementor-container elementor-column-gap-default\">\n\t\t\t\t\t<div class=\"elementor-column elementor-col-100 elementor-top-column elementor-element elementor-element-5fb13ff\" data-id=\"5fb13ff\" data-element_type=\"column\">\n\t\t\t<div class=\"elementor-widget-wrap elementor-element-populated\">\n\t\t\t\t\t\t<div class=\"elementor-element elementor-element-2123e4a elementor-widget elementor-widget-text-editor\" data-id=\"2123e4a\" data-element_type=\"widget\" data-widget_type=\"text-editor.default\">\n\t\t\t\t<div class=\"elementor-widget-container\">\n\t\t\t\t\t\t\t\t\t<p>L&#8217;\u00e9cole Saint Joseph est une petite \u00e9cole rurale situ\u00e9e au milieu des vignes \u00e0 St Aubin de Luign\u00e9.<\/p><p>Une soixantaine d&#8217;\u00e9l\u00e8ves, r\u00e9partie au sein de 3 classes multi-niveaux, est accueillie dans l&#8217;\u00e9cole.<img decoding=\"async\" class=\"wp-image-2800 alignright\" src=\"https:\/\/ecole-stjoseph-staubin.com\/wp-content\/uploads\/2024\/07\/Ecole-1-300x183.png\" alt=\"\" width=\"255\" height=\"155\" srcset=\"https:\/\/ecole-stjoseph-staubin.com\/wp-content\/uploads\/2024\/07\/Ecole-1-300x183.png 300w, https:\/\/ecole-stjoseph-staubin.com\/wp-content\/uploads\/2024\/07\/Ecole-1-1024x624.png 1024w, https:\/\/ecole-stjoseph-staubin.com\/wp-content\/uploads\/2024\/07\/Ecole-1-768x468.png 768w, https:\/\/ecole-stjoseph-staubin.com\/wp-content\/uploads\/2024\/07\/Ecole-1.png 1253w\" sizes=\"(max-width: 255px) 100vw, 255px\" \/><\/p><p>Retrouvez ci-dessous\u00a0<\/p><p><strong>NOTRE\u00a0PROJET EDUCATIF<\/strong><\/p><p><strong><span style=\"color: #000080;\">ACCUEILLIR<\/span><\/strong>\u00a0 \u00a0 \u00a0 \u00a0 \u00a0 \u00a0 \u00a0 \u00a0 \u00a0 \u00a0 \u00a0 <strong><span style=\"color: #008000;\">PRENDRE CONFIANCE\u00a0 \u00a0<\/span><\/strong>\u00a0 \u00a0 \u00a0 \u00a0 \u00a0 \u00a0 \u00a0 \u00a0 \u00a0 \u00a0 \u00a0 <span style=\"color: #ff6600;\"><strong>GRANDIR\u00a0 \u00a0<\/strong> <\/span>\u00a0 \u00a0 \u00a0 \u00a0 \u00a0 \u00a0 \u00a0 \u00a0 \u00a0 \u00a0 \u00a0 \u00a0 \u00a0 \u00a0 \u00a0 <span style=\"color: #993366;\"><strong>S&#8217;ENGAGER<\/strong><\/span><\/p><ul><li>\u00e9cole ouverte \u00e0 tous<\/li><li>matin\u00e9e \u00e9veil et matin\u00e9e d&#8217;int\u00e9gration<\/li><li>parrainage<\/li><li>accueil des besoins et des \u00e9motions<\/li><li>\u00e9changes reguliers \u00e9cole-famille\u00a0<\/li><\/ul><p><strong>NOTRE PROJET PEDAGIGIQUE<\/strong><\/p><p>3 axes &#8211;&gt; &#8211; D\u00e9velopper ses comp\u00e9tences d&#8217;\u00e9l\u00e8ve chercheur<\/p><p>\u00a0 \u00a0 \u00a0 \u00a0 \u00a0 \u00a0 \u00a0 \u00a0 &#8211; D\u00e9velopper le lexique et la syntaxe pour produire un \u00e9crit riche et structur\u00e9<\/p><p>\u00a0 \u00a0 \u00a0 \u00a0 \u00a0 \u00a0 \u00a0 \u00a0 &#8211; Permettre \u00e0 chaque enfant de d\u00e9velopper ses capacit\u00e9s attentionnelles\u00a0<\/p><p><strong>NOTRE PROJET PASTORAL<\/strong><\/p><p>L&#8217;\u00e9cole Saint Joseph est une \u00e9cole priv\u00e9e catholique sous contrat d&#8217;association. 1h00 d&#8217;enseignement est d\u00e9di\u00e9e \u00e0 la culture chr\u00e9tienne. L&#8217;\u00e9cole propose \u00e9galement \u00e0 partir du CE2, aux enfants qui le souhaitent, la cat\u00e9ch\u00e8se. N&#8217;h\u00e9sitez pas \u00e0 nous en parler.\u00a0<\/p>\t\t\t\t\t\t\t\t<\/div>\n\t\t\t\t<\/div>\n\t\t\t\t<div class=\"elementor-element elementor-element-5774e0d elementor-widget elementor-widget-spacer\" data-id=\"5774e0d\" data-element_type=\"widget\" data-widget_type=\"spacer.default\">\n\t\t\t\t<div class=\"elementor-widget-container\">\n\t\t\t\t\t\t\t<div class=\"elementor-spacer\">\n\t\t\t<div class=\"elementor-spacer-inner\"><\/div>\n\t\t<\/div>\n\t\t\t\t\t\t<\/div>\n\t\t\t\t<\/div>\n\t\t\t\t\t<\/div>\n\t\t<\/div>\n\t\t\t\t\t<\/div>\n\t\t<\/section>\n\t\t\t\t<section class=\"elementor-section elementor-top-section elementor-element elementor-element-67f97f0 elementor-section-boxed elementor-section-height-default elementor-section-height-default\" data-id=\"67f97f0\" data-element_type=\"section\">\n\t\t\t\t\t\t<div class=\"elementor-container elementor-column-gap-default\">\n\t\t\t\t\t<div class=\"elementor-column elementor-col-100 elementor-top-column elementor-element elementor-element-3eb3a31\" data-id=\"3eb3a31\" data-element_type=\"column\">\n\t\t\t<div class=\"elementor-widget-wrap\">\n\t\t\t\t\t\t\t<\/div>\n\t\t<\/div>\n\t\t\t\t\t<\/div>\n\t\t<\/section>\n\t\t\t\t<\/div>\n\t\t","protected":false},"excerpt":{"rendered":"<p>Ecole Saint joseph &#8211; saint aubin de luigne L&#8217;\u00e9cole Saint Joseph est une petite \u00e9cole rurale situ\u00e9e au milieu des vignes \u00e0 St Aubin de Luign\u00e9. Une soixantaine d&#8217;\u00e9l\u00e8ves, r\u00e9partie au sein de 3 classes multi-niveaux, est accueillie dans l&#8217;\u00e9cole. Retrouvez ci-dessous\u00a0 NOTRE\u00a0PROJET EDUCATIF ACCUEILLIR\u00a0 \u00a0 \u00a0 \u00a0 \u00a0 \u00a0 \u00a0 \u00a0 \u00a0 \u00a0 \u00a0 PRENDRE CONFIANCE\u00a0 \u00a0\u00a0 \u00a0 \u00a0 \u00a0 \u00a0 \u00a0 \u00a0 \u00a0 \u00a0 \u00a0 \u00a0 GRANDIR\u00a0 \u00a0 \u00a0 \u00a0 \u00a0 \u00a0 \u00a0 \u00a0 \u00a0 \u00a0 \u00a0 \u00a0 \u00a0 \u00a0 \u00a0 \u00a0 \u00a0 S&#8217;ENGAGER \u00e9cole ouverte \u00e0 tous matin\u00e9e \u00e9veil et matin\u00e9e d&#8217;int\u00e9gration parrainage accueil des besoins et des \u00e9motions \u00e9changes reguliers \u00e9cole-famille\u00a0 NOTRE PROJET PEDAGIGIQUE 3 axes &#8211;&gt; &#8211; D\u00e9velopper ses comp\u00e9tences d&#8217;\u00e9l\u00e8ve chercheur \u00a0 \u00a0 \u00a0&hellip;<\/p>\n<p> <a class=\"more-link\" href=\"https:\/\/ecole-stjoseph-staubin.com\/index.php\/presentation\/\">Lire la suite<\/a><\/p>\n","protected":false},"author":1,"featured_media":0,"parent":0,"menu_order":0,"comment_status":"closed","ping_status":"closed","template":"","meta":{"_EventAllDay":false,"_EventTimezone":"","_EventStartDate":"","_EventEndDate":"","_EventStartDateUTC":"","_EventEndDateUTC":"","_EventShowMap":false,"_EventShowMapLink":false,"_EventURL":"","_EventCost":"","_EventCostDescription":"","_EventCurrencySymbol":"","_EventCurrencyCode":"","_EventCurrencyPosition":"","_EventDateTimeSeparator":"","_EventTimeRangeSeparator":"","_EventOrganizerID":[],"_EventVenueID":[],"_OrganizerEmail":"","_OrganizerPhone":"","_OrganizerWebsite":"","_VenueAddress":"","_VenueCity":"","_VenueCountry":"","_VenueProvince":"","_VenueState":"","_VenueZip":"","_VenuePhone":"","_VenueURL":"","_VenueStateProvince":"","_VenueLat":"","_VenueLng":"","_VenueShowMap":false,"_VenueShowMapLink":false,"footnotes":""},"class_list":["post-22","page","type-page","status-publish"],"_links":{"self":[{"href":"https:\/\/ecole-stjoseph-staubin.com\/index.php\/wp-json\/wp\/v2\/pages\/22","targetHints":{"allow":["GET"]}}],"collection":[{"href":"https:\/\/ecole-stjoseph-staubin.com\/index.php\/wp-json\/wp\/v2\/pages"}],"about":[{"href":"https:\/\/ecole-stjoseph-staubin.com\/index.php\/wp-json\/wp\/v2\/types\/page"}],"author":[{"embeddable":true,"href":"https:\/\/ecole-stjoseph-staubin.com\/index.php\/wp-json\/wp\/v2\/users\/1"}],"replies":[{"embeddable":true,"href":"https:\/\/ecole-stjoseph-staubin.com\/index.php\/wp-json\/wp\/v2\/comments?post=22"}],"version-history":[{"count":41,"href":"https:\/\/ecole-stjoseph-staubin.com\/index.php\/wp-json\/wp\/v2\/pages\/22\/revisions"}],"predecessor-version":[{"id":2831,"href":"https:\/\/ecole-stjoseph-staubin.com\/index.php\/wp-json\/wp\/v2\/pages\/22\/revisions\/2831"}],"wp:attachment":[{"href":"https:\/\/ecole-stjoseph-staubin.com\/index.php\/wp-json\/wp\/v2\/media?parent=22"}],"curies":[{"name":"wp","href":"https:\/\/api.w.org\/{rel}","templated":true}]}}