{"id":24,"date":"2020-01-05T15:38:14","date_gmt":"2020-01-05T14:38:14","guid":{"rendered":"http:\/\/ecole-stjoseph-staubin.com\/?page_id=24"},"modified":"2025-12-28T11:01:17","modified_gmt":"2025-12-28T10:01:17","slug":"informations","status":"publish","type":"page","link":"https:\/\/ecole-stjoseph-staubin.com\/index.php\/informations\/","title":{"rendered":"Informations"},"content":{"rendered":"\t\t<div data-elementor-type=\"wp-page\" data-elementor-id=\"24\" class=\"elementor elementor-24\">\n\t\t\t\t\t\t<section class=\"elementor-section elementor-top-section elementor-element elementor-element-5f61386 elementor-section-boxed elementor-section-height-default elementor-section-height-default\" data-id=\"5f61386\" data-element_type=\"section\">\n\t\t\t\t\t\t<div class=\"elementor-container elementor-column-gap-default\">\n\t\t\t\t\t<div class=\"elementor-column elementor-col-100 elementor-top-column elementor-element elementor-element-72c0486\" data-id=\"72c0486\" data-element_type=\"column\">\n\t\t\t<div class=\"elementor-widget-wrap\">\n\t\t\t\t\t\t\t<\/div>\n\t\t<\/div>\n\t\t\t\t\t<\/div>\n\t\t<\/section>\n\t\t\t\t<section class=\"elementor-section elementor-top-section elementor-element elementor-element-c73756f elementor-section-boxed elementor-section-height-default elementor-section-height-default\" data-id=\"c73756f\" data-element_type=\"section\">\n\t\t\t\t\t\t<div class=\"elementor-container elementor-column-gap-default\">\n\t\t\t\t\t<div class=\"elementor-column elementor-col-100 elementor-top-column elementor-element elementor-element-f0f4048\" data-id=\"f0f4048\" data-element_type=\"column\">\n\t\t\t<div class=\"elementor-widget-wrap elementor-element-populated\">\n\t\t\t\t\t\t<div class=\"elementor-element elementor-element-af9d16d elementor-widget elementor-widget-spacer\" data-id=\"af9d16d\" data-element_type=\"widget\" data-widget_type=\"spacer.default\">\n\t\t\t\t<div class=\"elementor-widget-container\">\n\t\t\t\t\t\t\t<div class=\"elementor-spacer\">\n\t\t\t<div class=\"elementor-spacer-inner\"><\/div>\n\t\t<\/div>\n\t\t\t\t\t\t<\/div>\n\t\t\t\t<\/div>\n\t\t\t\t\t<\/div>\n\t\t<\/div>\n\t\t\t\t\t<\/div>\n\t\t<\/section>\n\t\t\t\t<section class=\"elementor-section elementor-top-section elementor-element elementor-element-e72d299 elementor-section-boxed elementor-section-height-default elementor-section-height-default\" data-id=\"e72d299\" data-element_type=\"section\">\n\t\t\t\t\t\t<div class=\"elementor-container elementor-column-gap-default\">\n\t\t\t\t\t<div class=\"elementor-column elementor-col-100 elementor-top-column elementor-element elementor-element-fa61132\" data-id=\"fa61132\" data-element_type=\"column\">\n\t\t\t<div class=\"elementor-widget-wrap elementor-element-populated\">\n\t\t\t\t\t\t<div class=\"elementor-element elementor-element-4a2ba20 elementor-tabs-alignment-center elementor-tabs-view-horizontal elementor-widget elementor-widget-tabs\" data-id=\"4a2ba20\" data-element_type=\"widget\" data-widget_type=\"tabs.default\">\n\t\t\t\t<div class=\"elementor-widget-container\">\n\t\t\t\t\t\t\t<div class=\"elementor-tabs\">\n\t\t\t<div class=\"elementor-tabs-wrapper\" role=\"tablist\" >\n\t\t\t\t\t\t\t\t\t<div id=\"elementor-tab-title-7771\" class=\"elementor-tab-title elementor-tab-desktop-title\" aria-selected=\"true\" data-tab=\"1\" role=\"tab\" tabindex=\"0\" aria-controls=\"elementor-tab-content-7771\" aria-expanded=\"false\">Les horaires<\/div>\n\t\t\t\t\t\t\t\t\t<div id=\"elementor-tab-title-7772\" class=\"elementor-tab-title elementor-tab-desktop-title\" aria-selected=\"false\" data-tab=\"2\" role=\"tab\" tabindex=\"-1\" aria-controls=\"elementor-tab-content-7772\" aria-expanded=\"false\">Les classes<\/div>\n\t\t\t\t\t\t\t\t\t<div id=\"elementor-tab-title-7773\" class=\"elementor-tab-title elementor-tab-desktop-title\" aria-selected=\"false\" data-tab=\"3\" role=\"tab\" tabindex=\"-1\" aria-controls=\"elementor-tab-content-7773\" aria-expanded=\"false\">Accueil p\u00e9riscolaire et cantine<\/div>\n\t\t\t\t\t\t\t<\/div>\n\t\t\t<div class=\"elementor-tabs-content-wrapper\" role=\"tablist\" aria-orientation=\"vertical\">\n\t\t\t\t\t\t\t\t\t<div class=\"elementor-tab-title elementor-tab-mobile-title\" aria-selected=\"true\" data-tab=\"1\" role=\"tab\" tabindex=\"0\" aria-controls=\"elementor-tab-content-7771\" aria-expanded=\"false\">Les horaires<\/div>\n\t\t\t\t\t<div id=\"elementor-tab-content-7771\" class=\"elementor-tab-content elementor-clearfix\" data-tab=\"1\" role=\"tabpanel\" aria-labelledby=\"elementor-tab-title-7771\" tabindex=\"0\" hidden=\"false\"><p><strong>Horaires des cours :<\/strong><\/p><p>8h30 &#8211; 12h00<\/p><p>13h45 &#8211; 16h30<\/p><hr \/><p><strong>Horaires d&#8217;accueil :<\/strong><\/p><p>8h20 &#8211; 12h00<\/p><p>13h35 &#8211; 16h30<\/p><\/div>\n\t\t\t\t\t\t\t\t\t<div class=\"elementor-tab-title elementor-tab-mobile-title\" aria-selected=\"false\" data-tab=\"2\" role=\"tab\" tabindex=\"-1\" aria-controls=\"elementor-tab-content-7772\" aria-expanded=\"false\">Les classes<\/div>\n\t\t\t\t\t<div id=\"elementor-tab-content-7772\" class=\"elementor-tab-content elementor-clearfix\" data-tab=\"2\" role=\"tabpanel\" aria-labelledby=\"elementor-tab-title-7772\" tabindex=\"0\" hidden=\"hidden\"><p style=\"padding-left: 40px; text-align: left;\"><span style=\"text-decoration: underline;\"><strong>TPS-PS-MS\u00a0&#8211; GS<\/strong><\/span><strong>&#8212;-&gt; <\/strong>25 \u00e9l\u00e8ves (avec un d\u00e9cloisonnement des GS pour les math\u00e9matiques en classe de cycle 2)<\/p><p>\u00a0 \u00a0 \u00a0 \u00a0 \u00a0 \u00a0 \u00a0 \u00a0 \u00a0 \u00a0 \u00a0 \u00a0 <span style=\"text-decoration: underline;\">Enseignante :<\/span> Marion GRESIL<\/p><p>\u00a0 \u00a0 \u00a0 \u00a0 \u00a0 \u00a0 \u00a0 \u00a0 \u00a0 \u00a0 \u00a0 \u00a0 <span style=\"text-decoration: underline;\">ASEM :<\/span> Pierrette BARAULT<\/p><p><span style=\"text-decoration: underline;\"><strong>CP &#8211; CE1<\/strong><\/span> &#8211;&gt;\u00a0 20 \u00e9l\u00e8ves\u00a0\u00a0<\/p><p>\u00a0 \u00a0 \u00a0 \u00a0 \u00a0 \u00a0 \u00a0 \u00a0 \u00a0 \u00a0 \u00a0 \u00a0 \u00a0 \u00a0<span style=\"text-decoration: underline;\">Enseignante :<\/span> Virginie BRODIER (lundi\/jeudi\/vendredi) et Lucie INISAN (le mardi)\u00a0 \u00a0 \u00a0 \u00a0 \u00a0 \u00a0 \u00a0 \u00a0 \u00a0 \u00a0<\/p><p>\u00a0<span style=\"text-decoration: underline;\"><strong>CE2 &#8211; CM1 &#8211; CM2<\/strong><\/span> &#8211;&gt; 21 \u00e9l\u00e8ves<\/p><p>\u00a0 \u00a0 \u00a0 \u00a0 \u00a0 \u00a0 \u00a0 \u00a0 \u00a0 \u00a0 \u00a0 \u00a0 \u00a0 \u00a0 \u00a0 \u00a0<span style=\"text-decoration: underline;\">Enseignante :<\/span> Cl\u00e9mentine FAVRE<\/p><p><b><u>Cheffe d&#8217;\u00e9tablissement :<\/u><\/b> St\u00e9phanie BOUET<\/p><p><b><u>AESH :<\/u><\/b> Florence RENOUARD<\/p><p><span style=\"text-decoration: underline;\"><strong>APPRENTIE ASEM<\/strong> <\/span>: Zo\u00e9 ARIAL (pour le d\u00e9cloisonnement des GS)<\/p><p><img fetchpriority=\"high\" decoding=\"async\" class=\"alignnone size-medium wp-image-2957\" src=\"https:\/\/ecole-stjoseph-staubin.com\/wp-content\/uploads\/2025\/09\/Screenshot-2025-09-03-21.39.50-300x278.png\" alt=\"\" width=\"300\" height=\"278\" srcset=\"https:\/\/ecole-stjoseph-staubin.com\/wp-content\/uploads\/2025\/09\/Screenshot-2025-09-03-21.39.50-300x278.png 300w, https:\/\/ecole-stjoseph-staubin.com\/wp-content\/uploads\/2025\/09\/Screenshot-2025-09-03-21.39.50-768x712.png 768w, https:\/\/ecole-stjoseph-staubin.com\/wp-content\/uploads\/2025\/09\/Screenshot-2025-09-03-21.39.50.png 923w\" sizes=\"(max-width: 300px) 100vw, 300px\" \/><img decoding=\"async\" class=\"alignnone size-medium wp-image-2949\" src=\"https:\/\/ecole-stjoseph-staubin.com\/wp-content\/uploads\/2025\/09\/IMG-20250901-WA0037-300x225.jpg\" alt=\"\" width=\"300\" height=\"225\" srcset=\"https:\/\/ecole-stjoseph-staubin.com\/wp-content\/uploads\/2025\/09\/IMG-20250901-WA0037-300x225.jpg 300w, https:\/\/ecole-stjoseph-staubin.com\/wp-content\/uploads\/2025\/09\/IMG-20250901-WA0037-1024x768.jpg 1024w, https:\/\/ecole-stjoseph-staubin.com\/wp-content\/uploads\/2025\/09\/IMG-20250901-WA0037-768x576.jpg 768w, https:\/\/ecole-stjoseph-staubin.com\/wp-content\/uploads\/2025\/09\/IMG-20250901-WA0037-1536x1152.jpg 1536w, https:\/\/ecole-stjoseph-staubin.com\/wp-content\/uploads\/2025\/09\/IMG-20250901-WA0037.jpg 1600w\" sizes=\"(max-width: 300px) 100vw, 300px\" \/><\/p><\/div>\n\t\t\t\t\t\t\t\t\t<div class=\"elementor-tab-title elementor-tab-mobile-title\" aria-selected=\"false\" data-tab=\"3\" role=\"tab\" tabindex=\"-1\" aria-controls=\"elementor-tab-content-7773\" aria-expanded=\"false\">Accueil p\u00e9riscolaire et cantine<\/div>\n\t\t\t\t\t<div id=\"elementor-tab-content-7773\" class=\"elementor-tab-content elementor-clearfix\" data-tab=\"3\" role=\"tabpanel\" aria-labelledby=\"elementor-tab-title-7773\" tabindex=\"0\" hidden=\"hidden\"><p>Vous avez des questions concernant l&#8217;accueil p\u00e9riscolaire, ou la restauration scolaire ?<\/p><p class=\"tel margin-top-10\">Voici le num\u00e9ro o\u00f9 vous adresser : 06 18 20 85 92<\/p><p>Plus d&#8217;information sur le site internet de la commune <a href=\"https:\/\/www.valdulayon.fr\/fr\/51\/enfance-et-jeunesse\/saint-aubin-de-luigne.html\">en cliquant ici<\/a>.<\/p><\/div>\n\t\t\t\t\t\t\t<\/div>\n\t\t<\/div>\n\t\t\t\t\t\t<\/div>\n\t\t\t\t<\/div>\n\t\t\t\t\t<\/div>\n\t\t<\/div>\n\t\t\t\t\t<\/div>\n\t\t<\/section>\n\t\t\t\t<section class=\"elementor-section elementor-top-section elementor-element elementor-element-a59e757 elementor-section-boxed elementor-section-height-default elementor-section-height-default\" data-id=\"a59e757\" data-element_type=\"section\">\n\t\t\t\t\t\t<div class=\"elementor-container elementor-column-gap-default\">\n\t\t\t\t\t<div class=\"elementor-column elementor-col-100 elementor-top-column elementor-element elementor-element-072b54c\" data-id=\"072b54c\" data-element_type=\"column\">\n\t\t\t<div class=\"elementor-widget-wrap elementor-element-populated\">\n\t\t\t\t\t\t<div class=\"elementor-element elementor-element-9f41115 elementor-widget elementor-widget-spacer\" data-id=\"9f41115\" data-element_type=\"widget\" data-widget_type=\"spacer.default\">\n\t\t\t\t<div class=\"elementor-widget-container\">\n\t\t\t\t\t\t\t<div class=\"elementor-spacer\">\n\t\t\t<div class=\"elementor-spacer-inner\"><\/div>\n\t\t<\/div>\n\t\t\t\t\t\t<\/div>\n\t\t\t\t<\/div>\n\t\t\t\t\t<\/div>\n\t\t<\/div>\n\t\t\t\t\t<\/div>\n\t\t<\/section>\n\t\t\t\t<\/div>\n\t\t","protected":false},"excerpt":{"rendered":"<p>Les horaires Les classes Accueil p\u00e9riscolaire et cantine Les horaires Horaires des cours : 8h30 &#8211; 12h00 13h45 &#8211; 16h30 Horaires d&#8217;accueil : 8h20 &#8211; 12h00 13h35 &#8211; 16h30 Les classes TPS-PS-MS\u00a0&#8211; GS&#8212;-&gt; 25 \u00e9l\u00e8ves (avec un d\u00e9cloisonnement des GS pour les math\u00e9matiques en classe de cycle 2) \u00a0 \u00a0 \u00a0 \u00a0 \u00a0 \u00a0 \u00a0 \u00a0 \u00a0 \u00a0 \u00a0 \u00a0 Enseignante : Marion GRESIL \u00a0 \u00a0 \u00a0 \u00a0 \u00a0 \u00a0 \u00a0 \u00a0 \u00a0 \u00a0 \u00a0 \u00a0 ASEM : Pierrette BARAULT CP &#8211; CE1 &#8211;&gt;\u00a0 20 \u00e9l\u00e8ves\u00a0\u00a0 \u00a0 \u00a0 \u00a0 \u00a0 \u00a0 \u00a0 \u00a0 \u00a0 \u00a0 \u00a0 \u00a0 \u00a0 \u00a0 \u00a0Enseignante : Virginie BRODIER (lundi\/jeudi\/vendredi) et Lucie INISAN (le mardi)\u00a0 \u00a0 \u00a0 \u00a0 \u00a0 \u00a0 \u00a0 \u00a0 \u00a0 \u00a0 \u00a0CE2 &#8211;&hellip;<\/p>\n<p> <a class=\"more-link\" href=\"https:\/\/ecole-stjoseph-staubin.com\/index.php\/informations\/\">Lire la suite<\/a><\/p>\n","protected":false},"author":1,"featured_media":0,"parent":0,"menu_order":0,"comment_status":"closed","ping_status":"closed","template":"","meta":{"_EventAllDay":false,"_EventTimezone":"","_EventStartDate":"","_EventEndDate":"","_EventStartDateUTC":"","_EventEndDateUTC":"","_EventShowMap":false,"_EventShowMapLink":false,"_EventURL":"","_EventCost":"","_EventCostDescription":"","_EventCurrencySymbol":"","_EventCurrencyCode":"","_EventCurrencyPosition":"","_EventDateTimeSeparator":"","_EventTimeRangeSeparator":"","_EventOrganizerID":[],"_EventVenueID":[],"_OrganizerEmail":"","_OrganizerPhone":"","_OrganizerWebsite":"","_VenueAddress":"","_VenueCity":"","_VenueCountry":"","_VenueProvince":"","_VenueState":"","_VenueZip":"","_VenuePhone":"","_VenueURL":"","_VenueStateProvince":"","_VenueLat":"","_VenueLng":"","_VenueShowMap":false,"_VenueShowMapLink":false,"footnotes":""},"class_list":["post-24","page","type-page","status-publish"],"_links":{"self":[{"href":"https:\/\/ecole-stjoseph-staubin.com\/index.php\/wp-json\/wp\/v2\/pages\/24","targetHints":{"allow":["GET"]}}],"collection":[{"href":"https:\/\/ecole-stjoseph-staubin.com\/index.php\/wp-json\/wp\/v2\/pages"}],"about":[{"href":"https:\/\/ecole-stjoseph-staubin.com\/index.php\/wp-json\/wp\/v2\/types\/page"}],"author":[{"embeddable":true,"href":"https:\/\/ecole-stjoseph-staubin.com\/index.php\/wp-json\/wp\/v2\/users\/1"}],"replies":[{"embeddable":true,"href":"https:\/\/ecole-stjoseph-staubin.com\/index.php\/wp-json\/wp\/v2\/comments?post=24"}],"version-history":[{"count":57,"href":"https:\/\/ecole-stjoseph-staubin.com\/index.php\/wp-json\/wp\/v2\/pages\/24\/revisions"}],"predecessor-version":[{"id":3061,"href":"https:\/\/ecole-stjoseph-staubin.com\/index.php\/wp-json\/wp\/v2\/pages\/24\/revisions\/3061"}],"wp:attachment":[{"href":"https:\/\/ecole-stjoseph-staubin.com\/index.php\/wp-json\/wp\/v2\/media?parent=24"}],"curies":[{"name":"wp","href":"https:\/\/api.w.org\/{rel}","templated":true}]}}